{"id":2467,"date":"2017-09-21T05:13:11","date_gmt":"2017-09-21T05:13:11","guid":{"rendered":"https:\/\/www.cristoverdad.com\/?page_id=2467"},"modified":"2025-11-15T10:03:26","modified_gmt":"2025-11-15T15:03:26","slug":"whatsapp","status":"publish","type":"page","link":"https:\/\/www.cristoverdad.com\/he\/whatsapp\/","title":{"rendered":"\u05d5\u05d5\u05d0\u05d8\u05e1\u05d0\u05e4"},"content":{"rendered":"[et_pb_section fb_built=\"1&#8243; fullwidth=\"on\" admin_label=\"section\" _builder_version=\"4.16&#8243; background_color=\"#2ea3f2&#8243; global_colors_info=\"{}\"][et_pb_fullwidth_header title=\"Suscripciones\" subhead=\"WhatsApp\" content_max_width=\"none\" _builder_version=\"4.16&#8243; background_color=\"rgba(255, 255, 255, 0)\" max_width_tablet=\"50px\" z_index_tablet=\"500&#8243; global_colors_info=\"{}\" button_one_text_size__hover_enabled=\"off\" button_one_text_size__hover=\"null\" button_two_text_size__hover_enabled=\"off\" button_two_text_size__hover=\"null\" button_one_text_color__hover_enabled=\"off\" button_one_text_color__hover=\"null\" button_two_text_color__hover_enabled=\"off\" button_two_text_color__hover=\"null\" button_one_border_width__hover_enabled=\"off\" button_one_border_width__hover=\"null\" button_two_border_width__hover_enabled=\"off\" button_two_border_width__hover=\"null\" button_one_border_color__hover_enabled=\"off\" button_one_border_color__hover=\"null\" button_two_border_color__hover_enabled=\"off\" button_two_border_color__hover=\"null\" button_one_border_radius__hover_enabled=\"off\" button_one_border_radius__hover=\"null\" button_two_border_radius__hover_enabled=\"off\" button_two_border_radius__hover=\"null\" button_one_letter_spacing__hover_enabled=\"off\" button_one_letter_spacing__hover=\"null\" button_two_letter_spacing__hover_enabled=\"off\" button_two_letter_spacing__hover=\"null\" button_one_bg_color__hover_enabled=\"off\" button_one_bg_color__hover=\"null\" button_two_bg_color__hover_enabled=\"off\" button_two_bg_color__hover=\"null\"][\/et_pb_fullwidth_header][\/et_pb_section][et_pb_section fb_built=\"1&#8243; admin_label=\"section\" _builder_version=\"4.16&#8243; global_colors_info=\"{}\"][et_pb_row admin_label=\"row\" _builder_version=\"4.16&#8243; background_size=\"initial\" background_position=\"top_left\" background_repeat=\"repeat\" global_colors_info=\"{}\"][et_pb_column type=\"4_4&#8243; _builder_version=\"4.16&#8243; custom_padding=\"|||\" global_colors_info=\"{}\" custom_padding__hover=\"|||\"][et_pb_text _builder_version=\"4.16&#8243; background_size=\"initial\" background_position=\"top_left\" background_repeat=\"repeat\" z_index_tablet=\"500&#8243; box_shadow_horizontal_tablet=\"0px\" box_shadow_vertical_tablet=\"0px\" box_shadow_blur_tablet=\"40px\" box_shadow_spread_tablet=\"0px\" use_border_color=\"off\" global_colors_info=\"{}\"]\n<p>sAtrav\u00e9s de esta secci\u00f3n pues formar parte activa de nuestro ministerio. Aqu\u00ed te dejamos los enlaces para que t\u00fa tambi\u00e9n seas part\u00edcipe de la verdad que queremos llevar a todo el mundo. Haz clic m\u00e1s abajo en el enlace de WhatsApp para suscribirte. El enlace le llevar\u00e1 a un grupo temporario de WhatsApp en donde interactuaremos un poco con usted mientras evaluamos tu susbcripci\u00f3n. Esto es necesario para evitar los spams de enlaces da\u00f1inos, tales como propagar viruses y material pornogr\u00e1fico, etc.<\/p>\n<p>&nbsp;<\/p>\n<p>&#8212;&#8212;&#8212;&#8212;&#8212;&#8212;&#8212;&#8212;&#8212;&#8212;&#8212;&#8212;<\/p>\n<p>\u00danete a CristoVerdad. Suscr\u00edbete a nuestro grupo de <a class=\"VimeoWhatsApp\" href=\"https:\/\/chat.whatsapp.com\/Fbk1vzTBGSFASjHykbZE3H\" target=\"_blank\" rel=\"noopener noreferrer\">WhatsApp <em><span class=\"VimeoWhatsAppText\">Suscr\u00edbete a Nuestro Grupo <br \/>de WhatsApp<\/span><\/em><\/a>. Al suscribirte, no olvides dejarnos tu nombre. Prohibidas las obscenidades. Comparte y se parte de la bendici\u00f3n.<\/p>\n<p>&#8212;&#8212;&#8212;&#8212;&#8212;&#8212;&#8212;&#8212;&#8212;&#8212;&#8212;&#8212;<\/p>\n<p><em>Y conocer\u00e9is la verdad\u2026 <br \/><\/em> <em><strong>\u2014CristoVerdad<\/strong><\/em> <a class=\"VimeoWhatsApp\" href=\"https:\/\/www.cristoverdad.com\" rel=\"noopener\">http:\/www.cristoverdad.com <em><span class=\"VimeoWhatsAppText\">Ir a la p\u00e1gina frontal<\/span><\/em><\/a><\/p>\n[\/et_pb_text][\/et_pb_column][\/et_pb_row][\/et_pb_section]\n","protected":false},"excerpt":{"rendered":"<p>sAtrav\u00e9s de esta secci\u00f3n pues formar parte activa de nuestro ministerio. Aqu\u00ed te dejamos los enlaces para que t\u00fa tambi\u00e9n seas part\u00edcipe de la verdad que queremos llevar a todo el mundo. Haz clic m\u00e1s abajo en el enlace de WhatsApp para suscribirte. El enlace le llevar\u00e1 a un grupo temporario de WhatsApp en donde [&hellip;]<\/p>\n","protected":false},"author":259,"featured_media":3544,"parent":0,"menu_order":0,"comment_status":"closed","ping_status":"closed","template":"","meta":{"_et_pb_use_builder":"on","_et_pb_old_content":"","_et_gb_content_width":"","footnotes":""},"class_list":["post-2467","page","type-page","status-publish","has-post-thumbnail","hentry"],"_links":{"self":[{"href":"https:\/\/www.cristoverdad.com\/he\/wp-json\/wp\/v2\/pages\/2467","targetHints":{"allow":["GET"]}}],"collection":[{"href":"https:\/\/www.cristoverdad.com\/he\/wp-json\/wp\/v2\/pages"}],"about":[{"href":"https:\/\/www.cristoverdad.com\/he\/wp-json\/wp\/v2\/types\/page"}],"author":[{"embeddable":true,"href":"https:\/\/www.cristoverdad.com\/he\/wp-json\/wp\/v2\/users\/259"}],"replies":[{"embeddable":true,"href":"https:\/\/www.cristoverdad.com\/he\/wp-json\/wp\/v2\/comments?post=2467"}],"version-history":[{"count":6,"href":"https:\/\/www.cristoverdad.com\/he\/wp-json\/wp\/v2\/pages\/2467\/revisions"}],"predecessor-version":[{"id":39109,"href":"https:\/\/www.cristoverdad.com\/he\/wp-json\/wp\/v2\/pages\/2467\/revisions\/39109"}],"wp:featuredmedia":[{"embeddable":true,"href":"https:\/\/www.cristoverdad.com\/he\/wp-json\/wp\/v2\/media\/3544"}],"wp:attachment":[{"href":"https:\/\/www.cristoverdad.com\/he\/wp-json\/wp\/v2\/media?parent=2467"}],"curies":[{"name":"wp","href":"https:\/\/api.w.org\/{rel}","templated":true}]}}