{"id":3263,"date":"2018-07-21T14:26:24","date_gmt":"2018-07-21T14:26:24","guid":{"rendered":"https:\/\/www.cristoverdad.com\/?page_id=3263"},"modified":"2019-05-23T11:05:40","modified_gmt":"2019-05-23T15:05:40","slug":"informacion","status":"publish","type":"page","link":"https:\/\/www.cristoverdad.com\/fy\/informacion\/","title":{"rendered":"ynformaasje"},"content":{"rendered":"<p><a href=\"https:\/\/www.cristoverdad.com\/wp-content\/uploads\/2018\/07\/Fair-Use-Image_1.png\" data-rel=\"lightbox-image-0\" data-rl_title data-rl_caption title><noscript><img decoding=\"async\" class=\"size-medium wp-image-3253 alignleft\" src=\"https:\/\/www.cristoverdad.com\/wp-content\/uploads\/2018\/07\/Fair-Use-Image_1-300x161.png\" alt width=\"300\" height=\"161\" srcset=\"https:\/\/www.cristoverdad.com\/wp-content\/uploads\/2018\/07\/Fair-Use-Image_1-300x161.png 300w, https:\/\/www.cristoverdad.com\/wp-content\/uploads\/2018\/07\/Fair-Use-Image_1-768x411.png 768w, https:\/\/www.cristoverdad.com\/wp-content\/uploads\/2018\/07\/Fair-Use-Image_1.png 934w\" sizes=\"(max-width: 300px) 100vw, 300px\"><\/noscript><img decoding=\"async\" class=\"size-medium wp-image-3253 alignleft lazyload\" src=\"data:image\/svg+xml,%3Csvg%20xmlns%3D%22http%3A%2F%2Fwww.w3.org%2F2000%2Fsvg%22%20viewBox%3D%220%200%20300%20161%22%3E%3C%2Fsvg%3E\" alt width=\"300\" height=\"161\" srcset=\"data:image\/svg+xml,%3Csvg%20xmlns%3D%22http%3A%2F%2Fwww.w3.org%2F2000%2Fsvg%22%20viewBox%3D%220%200%20300%20161%22%3E%3C%2Fsvg%3E 300w\" sizes=\"(max-width: 300px) 100vw, 300px\" data-srcset=\"https:\/\/www.cristoverdad.com\/wp-content\/uploads\/2018\/07\/Fair-Use-Image_1-300x161.png 300w, https:\/\/www.cristoverdad.com\/wp-content\/uploads\/2018\/07\/Fair-Use-Image_1-768x411.png 768w, https:\/\/www.cristoverdad.com\/wp-content\/uploads\/2018\/07\/Fair-Use-Image_1.png 934w\" data-src=\"https:\/\/www.cristoverdad.com\/wp-content\/uploads\/2018\/07\/Fair-Use-Image_1-300x161.png\" loading=\"lazy\"><\/a><\/p>\n<p>Este sitio web\u2014<em>CristoVerdad,<\/em> y sus canales afiliados de Vimeo y Youtube podr\u00edan contenee material no propio que est\u00e1 protegido bajo las leyes de \u201cDerechos de Autor\u201d (Copyright)\u201d.<\/p>\n<p>Hacemos uso de este material sin fines de lucro, amparados bajo la cl\u00e1usula de derechos de autor de \u201cUso Justo\u201d (Fair Use), de&nbsp; la Secci\u00f3n 107 de Los derechos de Autor (Copyright Act) de 1976, que otorga una asignaci\u00f3n por \"uso justo\" para fines tales como educaci\u00f3n, cr\u00edtica, comentarios, informes de noticias, ense\u00f1anza, becas e investigaci\u00f3n. El uso justo es un uso permitido por el estatuto de derechos de autor que de otra manera podr\u00eda ser infractor. El uso <b>sin fines de lucro<\/b>, educativo o personal inclina la balanza a favor del uso justo. Las marcas registradas pertenecen a sus respectivos due\u00f1os.<\/p>\n<p>No se permite uso comercial de material generado en parte o completamente por CristoVerdad.<\/p>\n<p>Para uso comercial de alg\u00fan material no propio de este ministerio <em>(CristoVerdad)<\/em>, favor contactar a sus respectivos due\u00f1os. Todo material nuestro o prestado en este sitio web is para uso educativo, informativo y\/o cr\u00edtico solamente.<\/p>\n<p>Copyright Disclaimer: This website <em>CristoVerdad<\/em> and its affiliate Vimeo and Youtube Channels may contain material not owed by us that may be protected under copyright laws.<\/p>\n<p>Under Section 107 of the Copyright Act 1976, allowance is made for \"fair use\" for purposes such as criticism, comment, news reporting, teaching, scholarship, and research.<\/p>\n<p>Fair use is a use permitted by copyright statute that might otherwise be infringing. Non-profit, <b>educational or personal use tips the balance in favor of fair use<\/b><b>. Trademarks belong to their respective owners. <\/b><\/p>\n<p>Commercial use is not allowed for material generated in part or&nbsp; completely by <em>CristoVerdad.<\/em><\/p>\n<p>For commercial use of any material not owned by this ministry (CristoVerdad), please contact their respective owners. All material owned or borrowed is for the sole use of educational, informative and\/or critique or criticism purposes only.<b><br><\/b><\/p>\n[\/et_pb_text][\/et_pb_column][\/et_pb_row][et_pb_row admin_label=\"row\" background_position=\"top_left\" background_repeat=\"repeat\" background_size=\"initial\" width=\"80%\" max_width=\"1080px\"][et_pb_column type=\"1_2&#8243;][\/et_pb_column][et_pb_column type=\"1_2&#8243;][\/et_pb_column][\/et_pb_row][et_pb_row admin_label=\"row\" background_position=\"top_left\" background_repeat=\"repeat\" background_size=\"initial\" width=\"80%\" max_width=\"1080px\"][et_pb_column type=\"1_3&#8243;][\/et_pb_column][et_pb_column type=\"1_3&#8243;][\/et_pb_column][et_pb_column type=\"1_3&#8243;][\/et_pb_column][\/et_pb_row][\/et_pb_section]\n","protected":false},"excerpt":{"rendered":"<p>Este sitio web\u2014CristoVerdad, y sus canales afiliados de Vimeo y Youtube podr\u00edan contenee material no propio que est\u00e1 protegido bajo las leyes de \u201cDerechos de Autor\u201d (Copyright)\u201d. Hacemos uso de este material sin fines de lucro, amparados bajo la cl\u00e1usula de derechos de autor de \u201cUso Justo\u201d (Fair Use), de\u00a0 la Secci\u00f3n 107 de Los [&hellip;]<\/p>\n","protected":false},"author":259,"featured_media":3544,"parent":0,"menu_order":0,"comment_status":"closed","ping_status":"closed","template":"","meta":{"_et_pb_use_builder":"on","_et_pb_old_content":"","_et_gb_content_width":"","footnotes":""},"class_list":["post-3263","page","type-page","status-publish","has-post-thumbnail","hentry"],"_links":{"self":[{"href":"https:\/\/www.cristoverdad.com\/fy\/wp-json\/wp\/v2\/pages\/3263","targetHints":{"allow":["GET"]}}],"collection":[{"href":"https:\/\/www.cristoverdad.com\/fy\/wp-json\/wp\/v2\/pages"}],"about":[{"href":"https:\/\/www.cristoverdad.com\/fy\/wp-json\/wp\/v2\/types\/page"}],"author":[{"embeddable":true,"href":"https:\/\/www.cristoverdad.com\/fy\/wp-json\/wp\/v2\/users\/259"}],"replies":[{"embeddable":true,"href":"https:\/\/www.cristoverdad.com\/fy\/wp-json\/wp\/v2\/comments?post=3263"}],"version-history":[{"count":0,"href":"https:\/\/www.cristoverdad.com\/fy\/wp-json\/wp\/v2\/pages\/3263\/revisions"}],"wp:featuredmedia":[{"embeddable":true,"href":"https:\/\/www.cristoverdad.com\/fy\/wp-json\/wp\/v2\/media\/3544"}],"wp:attachment":[{"href":"https:\/\/www.cristoverdad.com\/fy\/wp-json\/wp\/v2\/media?parent=3263"}],"curies":[{"name":"wp","href":"https:\/\/api.w.org\/{rel}","templated":true}]}}