{"id":7312,"date":"2018-11-24T13:52:10","date_gmt":"2018-11-24T18:52:10","guid":{"rendered":"https:\/\/www.cristoverdad.com\/?page_id=7312"},"modified":"2018-11-25T16:58:20","modified_gmt":"2018-11-25T21:58:20","slug":"florida","status":"publish","type":"page","link":"https:\/\/www.cristoverdad.com\/et\/florida\/","title":{"rendered":"florida"},"content":{"rendered":"[et_pb_section bb_built=\"1&#8243; background_color=\"#2ea3f2&#8243; inner_shadow=\"on\" fullwidth=\"on\" _builder_version=\"3.0.98&#8243; use_background_color_gradient=\"on\" background_color_gradient_start=\"#2ea3f2&#8243; background_color_gradient_end=\"#2e6df4&#8243; background_color_gradient_direction=\"330deg\" next_background_color=\"#ffffff\"][et_pb_fullwidth_header title=\"Florida\" subhead=\"Lo que sucedi\u00f3 y porqu\u00e9 sucedio\" _builder_version=\"3.17.6&#8243; background_color=\"rgba(255, 255, 255, 0)\" button_one_text_size__hover_enabled=\"off\" button_one_text_size__hover=\"null\" button_two_text_size__hover_enabled=\"off\" button_two_text_size__hover=\"null\" button_one_text_color__hover_enabled=\"off\" button_one_text_color__hover=\"null\" button_two_text_color__hover_enabled=\"off\" button_two_text_color__hover=\"null\" button_one_border_width__hover_enabled=\"off\" button_one_border_width__hover=\"null\" button_two_border_width__hover_enabled=\"off\" button_two_border_width__hover=\"null\" button_one_border_color__hover_enabled=\"off\" button_one_border_color__hover=\"null\" button_two_border_color__hover_enabled=\"off\" button_two_border_color__hover=\"null\" button_one_border_radius__hover_enabled=\"off\" button_one_border_radius__hover=\"null\" button_two_border_radius__hover_enabled=\"off\" button_two_border_radius__hover=\"null\" button_one_letter_spacing__hover_enabled=\"off\" button_one_letter_spacing__hover=\"null\" button_two_letter_spacing__hover_enabled=\"off\" button_two_letter_spacing__hover=\"null\" button_one_bg_color__hover_enabled=\"off\" button_one_bg_color__hover=\"null\" button_two_bg_color__hover_enabled=\"off\" button_two_bg_color__hover=\"null\" max_width_tablet=\"50px\" \/][\/et_pb_section][et_pb_section bb_built=\"1&#8243; specialty=\"on\" _builder_version=\"3.0.47&#8243; prev_background_color=\"#2ea3f2&#8243;][et_pb_column type=\"3_4&#8243; specialty_columns=\"3&#8243;][et_pb_row_inner _builder_version=\"3.0.47&#8243;][et_pb_column_inner type=\"4_4&#8243; saved_specialty_column_type=\"3_4&#8243;][et_pb_text _builder_version=\"3.17.6&#8243; background_size=\"initial\" background_position=\"top_left\" background_repeat=\"repeat\"]\n<h2>Siguiendo el Mandato B\u00edblico<\/h2>\n<p><span style=\"color: #333333;\">Saludos y que la paz del Se\u00f1or est\u00e9 contigo,<\/span><\/p>\n<p><span style=\"color: #333333;\"><strong>1\u2014<\/strong> Hace poco algunos d\u00edas recibimos una foto de una boda donde uno de los contrayentes era var\u00f3n y la otra persona ten\u00eda una marcada apariencia masculina. Sin embargo, un amigo y hermano, el cual comparti\u00f3 la foto, despu\u00e9s de hab\u00e9rsela enviado, me comunic\u00f3 con una hermana en Florida allegada a alguien que tuvo participaci\u00f3n activa en dicha boda. Ella recibi\u00f3 cierta informaci\u00f3n de la cual dijo no pod\u00eda compartir. Pero fue muy enf\u00e1tica y firme al expresar que la pareja del hombre en la boda era una mujer. Ella, en lo que a m\u00ed concierne, no dej\u00f3 espacio a duda alguna.<\/span><\/p>\n<p><span style=\"color: #333333;\"><strong>2\u2014<\/strong> Cuando se comparte una informaci\u00f3n el prop\u00f3sito no debe ser nunca crear ni buscar un mal, sino cumplir con el deber biblico plasmado en toda la Palabra, especialmente en <em>ISA\u00cdAS 58:1, 1 TIMOTEO 5:20, y HECHOS 19:9.<\/em><\/span><\/p>\n<p><span style=\"color: #333333;\">No obstante, si antes, durante o despu\u00e9s de compartir la informaci\u00f3n se llega al conocimiento de que esta pudiera tener o tiene zonas que no son fieles a la descripci\u00f3n que de ella se da o est\u00e1 por darse, como hijos de Dios, y con la misma responsabilidad con que se divulg\u00f3 la informaci\u00f3n, debemos dar la cara y rectificar, en caso de que los haya\u2014cualquier discrepancia en la informaci\u00f3n, pues a lo hecho, coraz\u00f3n y pecho.<\/span><\/p>\n<p><span style=\"color: #333333;\"><strong>3\u2014<\/strong> Mis palabras no tienen como \u00fanica intenci\u00f3n afirmar o negar, sino que hay que valorar el testimonio sincero de una persona, y en todo lo que se refiera al destino de las almas, debemos actuar como act\u00faa Jes\u00fas. En todo caso, ser justo tiene todo de bueno, y la justicia tiene una balanza, pero es ciega, y gracias a su ceguera, no discrimina.<\/span><\/p>\n<p><span style=\"color: #333333;\"><strong>4\u2014<\/strong> El hecho de haberse tomado esta foto pudiera interpretarse como un acto mal intencionado, pero la realidad es que aunque hay cosas que no son, hay otras que s\u00ed son, y algunas, como probablemente en este caso, parecen ser aunque no lo sean. Es por ello que el Se\u00f1or es claro en su Palabra, <strong>\"Var\u00f3n y Hembra.. A imagen de Dios&#8230;\"<\/strong> (<em>G\u00c9N. 1:27)<\/em><\/span><\/p>\n<p><span style=\"color: #333333;\">A veces se es var\u00f3n o hembra, pero la imagen de Dios (la imagen espec\u00edfica que Dios di\u00f3 a cada sexo) se distorciona cuando el consejo biblico es ignorado.<\/span><\/p>\n<p><span style=\"color: #4a4a69;\"><em><span style=\"font-family: courier new, courier, monospace;\">9 Asimismo que las mujeres se atav\u00eden de ropa decorosa, con pudor y modestia; no con peinado obstentoso, ni oro, ni perlas, ni vestidos costosos&#8230; \u20141 TIMOTEO 2:9<\/span><\/em><\/span><\/p>\n<p><span style=\"color: #333333;\">Si este consejo fuese escuchado, y si se ense\u00f1ara a la gente la validez eterna de los principios, todo lo que es, se viera como es y lo que no es, se viera de igual manera. <em>(1 COR.11:15)<\/em><\/span><\/p>\n<p><span style=\"font-family: courier new, courier, monospace;\"><em><span style=\"color: #4a4a69;\"><span id=\"es-RVR1960-28617\" class=\"text 1Cor-11-15\"><sup class=\"versenum\">15\u00a0<\/sup>Por el contrario, a la mujer dejarse crecer el cabello <span style=\"text-decoration: underline;\">le es honroso<\/span>; porque en lugar de velo le es dado el cabello. <\/span>\u2014 1 CORINTIOS 11:15<\/span><\/em><\/span><\/p>\n<p><strong>5\u2014<\/strong> Tanto el principio de G\u00e9nesis 1:27, como El Matrimonio, son ecosistemas, cualquier alteraci\u00f3n a a su medio ambiente, lo cambia todo.<\/p>\n<p><strong>6\u2014<\/strong> La teor\u00eda de la evoluci\u00f3n ha sido probada falsa por muchos a\u00f1os, y algunas personas han predicado errores que han causado mucho da\u00f1o, pero el orgullo y temor al qu\u00e9 dir\u00e1n, no les permite rectificar. La \"ciencia\" tiene individuos perversos, \u00a1muchos! Pero a otros les gana el orgullo.<\/p>\n<p>Mientras se critica el pasado de un pecador que se arrepiente, en el cielo se hace fiesta por ese mismo pecador (LUCAS 15:7-10).<br \/>Qu\u00e9 dir\u00e1n no debiera ser tomado en cuenta cuando se hace lo correcto, sea de un lado o del otro.<\/p>\n<p><strong>7\u2014<\/strong> Con toda honestidad, sigo viendo un mismo g\u00e9nero en la foto, y no solo yo, pero muchas veces las cosas pudieran verse diferentes seg\u00fan el \u00e1ngulo en que estas son observadas. De lado puede que nos parezcamos a alguien, pero de frente usted es usted. Quiz\u00e1s falt\u00f3 la foto de frente ya que la de lado parece ser lo que todo el mundo ve en ella.<\/p>\n<p><strong>8\u2014<\/strong> Debemos ser valientes en todo, tanto en rectificar, justificar y tambi\u00e9n en el deber biblico de se\u00f1alar lo que Dios condena. Tengamos en cuenta que si se siguen los par\u00e1metros Sagrados, este tipo de situaciones no sucedieran.<\/p>\n<p><strong>9\u2014<\/strong> Algunos optan como respuesta el acudir a medios leg\u00edtimos diferentes. Sin embargo, la Palabra de Dios es clara en cuanto a todo, y m\u00e1s a\u00fan, en cuanto a los principios que cada quien debe seguir. Tengamos en cuenta tambi\u00e9n que para Cristo un alma es lo m\u00e1s importante, pero tal importancia nunca le llevar\u00eda a rebajar las normas que \u00e9l mismo ha establecido. El deber de cada seguidor suyo es levantar dichas normas, y\u2014por encima de lo que quiera hacer el hombre, hay que mantenerlas en alto. <em>(HECH. 5:29)<\/em><\/p>\n<p><strong>10\u2014<\/strong> No obstante, despu\u00e9s de indagar en la fuente desde donde surgi\u00f3 la foto, me fue obvio que hubo cierta irresponsabilidad originaria en el momento de describir la imagen. En otras palabras, la foto sali\u00f3 de su fuente original con una descripci\u00f3n err\u00f3nea. Quien comparti\u00f3 la foto, tengo entendido, fue alguien que pertenec\u00eda a ese templo, estuvo en el momento de la boda, y fue quien mencion\u00f3 que la uni\u00f3n se hab\u00eda llevado a cabo entre dos varones. De haber sido as\u00ed, el se\u00f1alamiento hubiese sido b\u00edblicamente v\u00e1lido, pero hay que ser justo: el pan es pan, y el vino es vino.<\/p>\n<p><strong>11\u2014<\/strong> Se comparti\u00f3 una fotograf\u00eda que mostraba una posici\u00f3n cuyo \u00e1ngulo no reflejaba la realidad. El casamiento, aunque en la foto compartida causa confusi\u00f3n, se di\u00f3 entre un hombre y una mujer. Ninguna moneda tiene una sola cara, por tanto, hay que mostrarlas a ambas. As\u00ed que, si alguno fue de alg\u00fan modo incomodado con la informaci\u00f3n mostrada, creemos pertinente ofrecer nuestra sincera disculpas.<\/p>\n<p><strong>12\u2014<\/strong> La verdad puede inquietar, pero es lo \u00fanico que salva<em> (JUAN 14:8)<\/em> y nos hace libres<em> (JUAN 8:32).<\/em><\/p>\n<p><em><span style=\"color: #4a4a69; font-family: courier new, courier, monospace;\">23 Compra la verdad, y <span style=\"text-decoration: underline;\">no la vendas<\/span>; la sabidur\u00eda, la ense\u00f1anza y la inteligencia. \u2014PROVERBIOS 23:23<\/span><\/em><\/p>\n<p>Su hermano en Cristo, <br \/><em>\u2014MIGUEL JAVIER<br \/><\/em><\/p>\n<p><em>Y conocer\u00e9is la verdad\u2026<\/em><br \/><em><strong>\u2014CristoVerdad<\/strong> <\/em><a href=\"https:\/\/www.cristoverdad.com\" target=\"_blank\" rel=\"noopener\"><em>https:\/\/www.cristoverdad.com<\/em><\/a><\/p>\n<p>\u00a0<\/p>\n[\/et_pb_text][\/et_pb_column_inner][\/et_pb_row_inner][\/et_pb_column][et_pb_column type=\"1_4&#8243;][et_pb_sidebar orientation=\"right\" _builder_version=\"3.0.47&#8243; show_border=\"on\" \/][\/et_pb_column][\/et_pb_section]\n","protected":false},"excerpt":{"rendered":"<p>Siguiendo el Mandato B\u00edblicoSaludos y que la paz del Se\u00f1or est\u00e9 contigo,1\u2014 Hace poco algunos d\u00edas recibimos una foto de una boda donde uno de los contrayentes era var\u00f3n y la otra persona ten\u00eda una marcada apariencia masculina. Sin embargo, un amigo y hermano, el cual comparti\u00f3 la foto, despu\u00e9s de hab\u00e9rsela enviado, me comunic\u00f3 [&hellip;]<\/p>\n","protected":false},"author":259,"featured_media":3544,"parent":0,"menu_order":0,"comment_status":"closed","ping_status":"closed","template":"","meta":{"_et_pb_use_builder":"on","_et_pb_old_content":"<p>Saludos y que la paz del Se\u00f1or est\u00e9 contigo,<\/p><p>1- Hace poco algunos recibimos una foto de una boda donde uno de los contrayentes era var\u00f3n y la otra persona ten\u00eda una marcada apariencia masculina. Sin embargo, un amigo y hermano, el cual comparti\u00f3 la foto, despu\u00e9s de hab\u00e9rsela enviado, me comunic\u00f3 con una hermana en Florida allegada a alguien que tuvo participaci\u00f3n activa en dicha boda. Ella recibi\u00f3 cierta informaci\u00f3n de la cual dijo no pod\u00eda compartir. Pero fue muy enf\u00e1tica y firme al expresar que la pareja del hombre en la boda era una mujer. Ella, en lo que a m\u00ed concierne, no dej\u00f3 espacio a duda alguna.<\/p><p>2- Cuando se comparte una informaci\u00f3n el prop\u00f3sito no debe ser nunca crear ni buscar un mal, sino cumplir con el deber biblico plasmado en toda la Palabra, especialmente en Isa\u00edas 58:1, 1Timo 5:20, y Hechos 19:9. <br \/>No obstante, si antes, durante o despu\u00e9s de compartir la informaci\u00f3n se llega al conocimiento de que esta pudiera tener o tiene zonas que no son fieles a la descripci\u00f3n que de ella se da o est\u00e1 por darse, como hijos de Dios, y con la misma responsabilidad con que se divulg\u00f3 la informaci\u00f3n, debemos dar la cara y rectificar, en caso de que los haya, cualquier discrepancia en la informaci\u00f3n, pues a lo hecho, coraz\u00f3n y pecho.<\/p><p>3- Mis palabras no tienen como \u00fanica intenci\u00f3n afirmar o negar, sino que hay que valorar el testimonio sincero de una persona, y en todo lo que se refiera al destino de las almas, debemos actuar como act\u00faa Jes\u00fas. En todo caso, Ser justo tiene todo de bueno, y la justicia tiene una balanza, pero es ciega, y gracias a su ceguera, no discrimina.<\/p><p>4- El hecho de haberse tomado esta foto pudiera interpretarse como un acto mal intencionado, pero la realidad es que aunque hay cosas que no son, hay otras que s\u00ed son, y algunas, como probablemente en este caso, parecen ser aunque no lo sean.<br \/>Es por ello que el Se\u00f1or es claro en su Palabra, \"Var\u00f3n y Hembra.. A imagen de Dios...\" G\u00e9nesis 1:27.<br \/>A veces se es var\u00f3n o hembra, pero la imagen de Dios (la imagen espec\u00edfica que Dios di\u00f3 a cada sexo) se distorciona cuando el consejo biblico es ignorado.<\/p><p>1Timo 2:9<br \/>Asimismo que las mujeres se atav\u00eden de ropa decorosa, con pudor y modestia; no con peinado obstentoso, ni oro, ni perlas, ni vestidos costosos...<br \/>Si este consejo fuese escuchado, y si se ense\u00f1ara a la gente la validez eterna de los principios, todo lo que es, se viera como es y lo que no es, se viera de igual manera. 1Cor 11:15.<\/p><p>5- Tanto el principio de G\u00e9nesis 1:27, como El matrimonio, son ecosistemas, cualquier alteraci\u00f3n a a su medio ambiente, lo cambia todo.<\/p><p>6- La teor\u00eda de la evoluci\u00f3n ha sido probada falsa por muchos a\u00f1os, y algunas personas han predicado errores que han causado mucho da\u00f1o, pero el orgullo y temor al qu\u00e9 dir\u00e1n, no les permiten rectificar. La \"ciencia\" tiene individuos perversos, \u00a1muchos! Pero a otros les gana el orgullo.<br \/>Mientras se critica el pasado de un pecador que se arrepiente, en el cielo se hace fiesta por ese mismo pecador (Lucas 15:7-10)).<br \/>Qu\u00e9 dir\u00e1n, no debiera ser tomado en cuenta cuando se hace lo correcto sea de un lado o del otro.<\/p><p>7- Con toda honestidad, sigo viendo un mismo g\u00e9nero en la foto, y no solo yo, pero muchas veces las cosas pudieran verse diferentes seg\u00fan el \u00e1ngulo en que estas son observadas. De lado puede que nos parezcamos a alguien, pero de frente usted es usted. Quiz\u00e1s falt\u00f3 la<br \/>foto de frente ya que la de lado parece ser lo que todo el mundo ve en ella.<\/p><p>8- Debemos ser valientes en todo, tanto en rectificar, justificar y tambi\u00e9n en el deber biblico de se\u00f1alar lo que Dios condena. Tengamos en cuenta que si se siguen los par\u00e1metros Sagrados, este tipo de situaciones no sucedieran.<\/p><p>9- Algunos optan como respuesta el acudir a medios leg\u00edtimos diferentes. Sin embargo, la Palabra de Dios es clara en cuanto a todo, y m\u00e1s a\u00fan, en cuanto a los principios que cada quien debe seguir.<br \/>Tengamos en cuenta tambi\u00e9n que para Cristo un alma es lo m\u00e1s importante, pero tal importancia nunca le llevar\u00eda a rebajar las normas que \u00e9l mismo iha establecido. El deber de cada seguidor suyo es levantar dichas normas, y, por encima de lo que quiera hacer el hombre, hay que mantenerlas en alto. (Hechos 5:29).<\/p><p>10- No obstante, despu\u00e9s de indagar en la fuente desde donde surgi\u00f3 la foto, me fue obvio que hubo cierta irresponsabilidad originaria en el momento de describir la imagen. En otras palabras, la foto sali\u00f3 de su fuente original con una descripci\u00f3n err\u00f3nea. Quien comparti\u00f3 la foto, tengo entendido, fue alguien que pertenec\u00eda a ese templo, estuvo en el momento de la boda, y fue quien mencion\u00f3 que la uni\u00f3n se hab\u00eda llevado a cabo entre dos varones. De haber sido as\u00ed, el se\u00f1alamiento hubiese sido b\u00edblicamente v\u00e1lido, pero hay que ser justo: el pan es pan, y el vino es vino.<\/p><p>11- Se comparti\u00f3 una fotograf\u00eda que mostraba una posici\u00f3n cuyo \u00e1ngulo no reflejaba la realidad. <br \/>El casamiento, aunque la foto compartida causa confusi\u00f3n, se di\u00f3 entre un hombre y una mujer. Ninguna moneda tiene una sola cara, por tanto, hay que mostrarlas a ambas. As\u00ed que, si alguno fue de alg\u00fan incomodado con la informaci\u00f3n mostrada, creemos pertinente ofrecer nuestra sincera disculpas.<\/p><p>12) La verdad puede inquietar, pero es lo \u00fanico que salva (Juan 14:8) y nos hace libres (Juan 8:32).<\/p><p>Compra la verdad, y no la vendas; la sabidur\u00eda, la ense\u00f1anza y la inteligencia. Proverbios 23:23.<\/p><p>Su hermano en Cristo, <br \/>-------Miguel Javier<\/p>","_et_gb_content_width":"","footnotes":""},"class_list":["post-7312","page","type-page","status-publish","has-post-thumbnail","hentry"],"_links":{"self":[{"href":"https:\/\/www.cristoverdad.com\/et\/wp-json\/wp\/v2\/pages\/7312","targetHints":{"allow":["GET"]}}],"collection":[{"href":"https:\/\/www.cristoverdad.com\/et\/wp-json\/wp\/v2\/pages"}],"about":[{"href":"https:\/\/www.cristoverdad.com\/et\/wp-json\/wp\/v2\/types\/page"}],"author":[{"embeddable":true,"href":"https:\/\/www.cristoverdad.com\/et\/wp-json\/wp\/v2\/users\/259"}],"replies":[{"embeddable":true,"href":"https:\/\/www.cristoverdad.com\/et\/wp-json\/wp\/v2\/comments?post=7312"}],"version-history":[{"count":0,"href":"https:\/\/www.cristoverdad.com\/et\/wp-json\/wp\/v2\/pages\/7312\/revisions"}],"wp:featuredmedia":[{"embeddable":true,"href":"https:\/\/www.cristoverdad.com\/et\/wp-json\/wp\/v2\/media\/3544"}],"wp:attachment":[{"href":"https:\/\/www.cristoverdad.com\/et\/wp-json\/wp\/v2\/media?parent=7312"}],"curies":[{"name":"wp","href":"https:\/\/api.w.org\/{rel}","templated":true}]}}